{"id":749,"date":"2018-08-29T15:40:04","date_gmt":"2018-08-29T18:40:04","guid":{"rendered":"https:\/\/etjunin-bue.infd.edu.ar\/sitio\/datos-institucionales\/"},"modified":"2024-06-18T09:52:59","modified_gmt":"2024-06-18T12:52:59","slug":"datos-institucionales","status":"publish","type":"page","link":"https:\/\/etjunin-bue.infd.edu.ar\/sitio\/datos-institucionales\/","title":{"rendered":"Datos institucionales"},"content":{"rendered":"<blockquote>\n<h1 style=\"text-align: center;\"><strong><span style=\"font-family: verdana; font-size: small;\">Escuela de Teatro \u00abGilberto A. Mesa\u00bb<\/span><\/strong><\/h1>\n<h6 style=\"text-align: center;\"><span style=\"font-family: verdana; font-size: small;\">Horarios de atenci\u00f3n administrativa: Lunes a Viernes de 8.00 a 12.00 y de 18.00 a 22.00 Hs.<\/span><\/h6>\n<h6 style=\"text-align: center;\"><span style=\"font-family: verdana; font-size: small;\">Mayor L\u00f3pez 73 &#8211; Jun\u00edn &#8211; Provincia de Buenos Aires &#8211; Rep\u00fablica Argentina<\/span><\/h6>\n<h6 style=\"text-align: center;\"><span style=\"font-family: verdana; font-size: small;\">Tel\u00e9fonos: 0236 4434255<\/span><\/h6>\n<h6 style=\"text-align: center;\"><span style=\"font-family: verdana; font-size: small;\">E-mail de consultas: escueladeteatrojunin@abc.gob.ar<br \/>\n<\/span><\/h6>\n<\/blockquote>\n","protected":false},"excerpt":{"rendered":"<p>Escuela de Teatro \u00abGilberto A. Mesa\u00bb Horarios de atenci\u00f3n administrativa: Lunes a Viernes de 8.00 a 12.00 y de 18.00 a 22.00 Hs. Mayor L\u00f3pez 73 &#8211; Jun\u00edn &#8211; Provincia de Buenos Aires &#8211; Rep\u00fablica Argentina Tel\u00e9fonos: 0236 4434255 E-mail de consultas: escueladeteatrojunin@abc.gob.ar<\/p>\n","protected":false},"author":143,"featured_media":0,"parent":0,"menu_order":0,"comment_status":"closed","ping_status":"closed","template":"","meta":[],"acf":[],"_links":{"self":[{"href":"https:\/\/etjunin-bue.infd.edu.ar\/sitio\/wp-json\/wp\/v2\/pages\/749"}],"collection":[{"href":"https:\/\/etjunin-bue.infd.edu.ar\/sitio\/wp-json\/wp\/v2\/pages"}],"about":[{"href":"https:\/\/etjunin-bue.infd.edu.ar\/sitio\/wp-json\/wp\/v2\/types\/page"}],"author":[{"embeddable":true,"href":"https:\/\/etjunin-bue.infd.edu.ar\/sitio\/wp-json\/wp\/v2\/users\/143"}],"replies":[{"embeddable":true,"href":"https:\/\/etjunin-bue.infd.edu.ar\/sitio\/wp-json\/wp\/v2\/comments?post=749"}],"version-history":[{"count":3,"href":"https:\/\/etjunin-bue.infd.edu.ar\/sitio\/wp-json\/wp\/v2\/pages\/749\/revisions"}],"predecessor-version":[{"id":802,"href":"https:\/\/etjunin-bue.infd.edu.ar\/sitio\/wp-json\/wp\/v2\/pages\/749\/revisions\/802"}],"wp:attachment":[{"href":"https:\/\/etjunin-bue.infd.edu.ar\/sitio\/wp-json\/wp\/v2\/media?parent=749"}],"curies":[{"name":"wp","href":"https:\/\/api.w.org\/{rel}","templated":true}]}}