{"id":844,"date":"2024-06-19T16:19:01","date_gmt":"2024-06-19T19:19:01","guid":{"rendered":"https:\/\/etjunin-bue.infd.edu.ar\/sitio\/?page_id=844"},"modified":"2024-06-19T16:19:02","modified_gmt":"2024-06-19T19:19:02","slug":"equipo-de-conduccion","status":"publish","type":"page","link":"https:\/\/etjunin-bue.infd.edu.ar\/sitio\/equipo-de-conduccion\/","title":{"rendered":"EQUIPO DE CONDUCCI\u00d3N"},"content":{"rendered":"\n<p class=\"has-text-align-center has-contrast-color has-electric-grass-gradient-background has-text-color has-background\" style=\"font-size:22px\"><strong>DIRECTOR<\/strong><\/p>\n\n\n\n<p class=\"has-text-align-center has-large-font-size\">Javier Mattioli Montes<\/p>\n\n\n\n<p><\/p>\n\n\n\n<p><\/p>\n\n\n\n<p class=\"has-text-align-center has-contrast-color has-electric-grass-gradient-background has-text-color has-background\" style=\"font-size:22px\"><strong>SECRETARIA<\/strong><\/p>\n\n\n\n<p class=\"has-text-align-center has-large-font-size\">Valeria Villegas<\/p>\n\n\n\n<p><\/p>\n\n\n\n<p><\/p>\n\n\n\n<p class=\"has-text-align-center has-contrast-color has-electric-grass-gradient-background has-text-color has-background has-medium-font-size\"><strong>JEFES DE \u00c1REA<\/strong><\/p>\n\n\n\n<p class=\"has-text-align-center has-large-font-size\">William Rosso<\/p>\n\n\n\n<p class=\"has-text-align-center has-large-font-size\">An\u00edbal Har\u00e1n<\/p>\n\n\n\n<p><\/p>\n\n\n\n<p class=\"has-text-align-center has-contrast-color has-electric-grass-gradient-background has-text-color has-background has-medium-font-size\"><strong>PRECEPTORES<\/strong><\/p>\n\n\n\n<p class=\"has-text-align-center has-large-font-size\">Daiana Retorto<\/p>\n\n\n\n<p class=\"has-text-align-center has-large-font-size\">Facundo Savigliano<\/p>\n\n\n\n<p><\/p>\n\n\n\n<p class=\"has-text-align-center has-contrast-color has-electric-grass-gradient-background has-text-color has-background has-medium-font-size\"><strong>E.M.A.T.P.<\/strong><\/p>\n\n\n\n<p class=\"has-text-align-center has-large-font-size\">Mat\u00edas Blaiotta<\/p>\n","protected":false},"excerpt":{"rendered":"<p>DIRECTOR Javier Mattioli Montes SECRETARIA Valeria Villegas JEFES DE \u00c1REA William Rosso An\u00edbal Har\u00e1n PRECEPTORES Daiana Retorto Facundo Savigliano E.M.A.T.P. Mat\u00edas Blaiotta<\/p>\n","protected":false},"author":143,"featured_media":0,"parent":0,"menu_order":0,"comment_status":"closed","ping_status":"closed","template":"","meta":[],"acf":[],"_links":{"self":[{"href":"https:\/\/etjunin-bue.infd.edu.ar\/sitio\/wp-json\/wp\/v2\/pages\/844"}],"collection":[{"href":"https:\/\/etjunin-bue.infd.edu.ar\/sitio\/wp-json\/wp\/v2\/pages"}],"about":[{"href":"https:\/\/etjunin-bue.infd.edu.ar\/sitio\/wp-json\/wp\/v2\/types\/page"}],"author":[{"embeddable":true,"href":"https:\/\/etjunin-bue.infd.edu.ar\/sitio\/wp-json\/wp\/v2\/users\/143"}],"replies":[{"embeddable":true,"href":"https:\/\/etjunin-bue.infd.edu.ar\/sitio\/wp-json\/wp\/v2\/comments?post=844"}],"version-history":[{"count":1,"href":"https:\/\/etjunin-bue.infd.edu.ar\/sitio\/wp-json\/wp\/v2\/pages\/844\/revisions"}],"predecessor-version":[{"id":845,"href":"https:\/\/etjunin-bue.infd.edu.ar\/sitio\/wp-json\/wp\/v2\/pages\/844\/revisions\/845"}],"wp:attachment":[{"href":"https:\/\/etjunin-bue.infd.edu.ar\/sitio\/wp-json\/wp\/v2\/media?parent=844"}],"curies":[{"name":"wp","href":"https:\/\/api.w.org\/{rel}","templated":true}]}}